{"id":55,"date":"2023-05-21T11:04:43","date_gmt":"2023-05-21T11:04:43","guid":{"rendered":"https:\/\/okeno.de\/?page_id=55"},"modified":"2023-05-21T11:14:38","modified_gmt":"2023-05-21T11:14:38","slug":"keno-analyser","status":"publish","type":"page","link":"https:\/\/okeno.de\/index.php\/software\/keno-analyser\/","title":{"rendered":"KENO Analyser"},"content":{"rendered":"\n<p>Der KENO Analyser ist Ihr Programm f\u00fcr die Lotterie KENO, bei der t\u00e4glich 20 Gewinnzahlen aus 70 Zahlen gezogen werden.<\/p>\n\n\n\n<p>Das Wichtigste zum KENO Analyser in K\u00fcrze:<\/p>\n\n\n\n<ul class=\"wp-block-list\">\n<li>Das Programm erm\u00f6glicht die Eingabe und Verwaltung von KENO-Spielscheinen.<\/li>\n\n\n\n<li>Eingegebene KENO-Spielscheine k\u00f6nnen tageweise, f\u00fcr die Laufzeit des Scheines oder einen beliebigen Zeitraum ausgewertet werden.<\/li>\n\n\n\n<li>Bisherige Ausspielungen lassen sich f\u00fcr verschiedene Zeitr\u00e4ume und nach unterschiedlichen Kriterien auswerten:\n<ul class=\"wp-block-list\">\n<li>Einzelnummern<\/li>\n\n\n\n<li>Freie Kombinationen<\/li>\n\n\n\n<li>Rangfolge aller Zwillinge, Drillinge, Vier- und F\u00fcnflinge, jeweils die 1000 h\u00e4ufigsten und die seltensten Kombinationen<\/li>\n<\/ul>\n<\/li>\n\n\n\n<li>Der KENO Analyser macht Tipp-Vorschl\u00e4ge, auf der Grundlage statistischer Auswertungen oder des Zufalls.<\/li>\n<\/ul>\n\n\n\n<p>Programmversion: 30 Tage Demo<br>Preis: 9,60 \u20ac, uneingeschr\u00e4nkt updatef\u00e4hig<\/p>\n\n\n\n<p><a href=\"https:\/\/Lotterfee.com\/sdc_download\/85\/?key=2j95xa24fj8vohtfttic7dd5etm1yl\">KENO Analyser Setup<\/a><\/p>\n\n\n\n<figure class=\"wp-block-gallery has-nested-images columns-1 is-cropped wp-block-gallery-1 is-layout-flex wp-block-gallery-is-layout-flex\">\n<figure class=\"wp-block-image size-large\"><img loading=\"lazy\" decoding=\"async\" width=\"809\" height=\"721\" data-id=\"64\" src=\"https:\/\/okeno.de\/wp-content\/uploads\/2023\/05\/1-1.gif\" alt=\"\" class=\"wp-image-64\"\/><\/figure>\n\n\n\n<figure class=\"wp-block-image size-large\"><img loading=\"lazy\" decoding=\"async\" width=\"967\" height=\"628\" data-id=\"63\" src=\"https:\/\/okeno.de\/wp-content\/uploads\/2023\/05\/2-1.gif\" alt=\"\" class=\"wp-image-63\"\/><\/figure>\n\n\n\n<figure class=\"wp-block-image size-large\"><img loading=\"lazy\" decoding=\"async\" width=\"973\" height=\"591\" data-id=\"62\" src=\"https:\/\/okeno.de\/wp-content\/uploads\/2023\/05\/3-1.gif\" alt=\"\" class=\"wp-image-62\"\/><\/figure>\n\n\n\n<figure class=\"wp-block-image size-large\"><img loading=\"lazy\" decoding=\"async\" width=\"604\" height=\"491\" data-id=\"65\" src=\"https:\/\/okeno.de\/wp-content\/uploads\/2023\/05\/4-1.gif\" alt=\"\" class=\"wp-image-65\"\/><\/figure>\n<\/figure>\n","protected":false},"excerpt":{"rendered":"<p>Der KENO Analyser ist Ihr Programm f\u00fcr die Lotterie KENO, bei der t\u00e4glich 20 Gewinnzahlen aus 70 Zahlen gezogen werden. Das Wichtigste zum KENO Analyser in K\u00fcrze: Programmversion: 30 Tage DemoPreis: 9,60 \u20ac, uneingeschr\u00e4nkt updatef\u00e4hig KENO Analyser Setup<\/p>\n","protected":false},"author":1,"featured_media":0,"parent":2,"menu_order":0,"comment_status":"closed","ping_status":"closed","template":"","meta":{"footnotes":""},"class_list":["post-55","page","type-page","status-publish","hentry"],"_links":{"self":[{"href":"https:\/\/okeno.de\/index.php\/wp-json\/wp\/v2\/pages\/55","targetHints":{"allow":["GET"]}}],"collection":[{"href":"https:\/\/okeno.de\/index.php\/wp-json\/wp\/v2\/pages"}],"about":[{"href":"https:\/\/okeno.de\/index.php\/wp-json\/wp\/v2\/types\/page"}],"author":[{"embeddable":true,"href":"https:\/\/okeno.de\/index.php\/wp-json\/wp\/v2\/users\/1"}],"replies":[{"embeddable":true,"href":"https:\/\/okeno.de\/index.php\/wp-json\/wp\/v2\/comments?post=55"}],"version-history":[{"count":6,"href":"https:\/\/okeno.de\/index.php\/wp-json\/wp\/v2\/pages\/55\/revisions"}],"predecessor-version":[{"id":66,"href":"https:\/\/okeno.de\/index.php\/wp-json\/wp\/v2\/pages\/55\/revisions\/66"}],"up":[{"embeddable":true,"href":"https:\/\/okeno.de\/index.php\/wp-json\/wp\/v2\/pages\/2"}],"wp:attachment":[{"href":"https:\/\/okeno.de\/index.php\/wp-json\/wp\/v2\/media?parent=55"}],"curies":[{"name":"wp","href":"https:\/\/api.w.org\/{rel}","templated":true}]}}