{"id":2,"date":"2023-05-18T12:05:38","date_gmt":"2023-05-18T12:05:38","guid":{"rendered":"https:\/\/okeno.de\/?page_id=2"},"modified":"2023-05-21T11:22:00","modified_gmt":"2023-05-21T11:22:00","slug":"software","status":"publish","type":"page","link":"https:\/\/okeno.de\/index.php\/software\/","title":{"rendered":"Software"},"content":{"rendered":"\n<p>Speziell f\u00fcr KENO habe ich drei Programme geschrieben. Zuerst <strong>OKENO<\/strong>, Namensgeber dieser Seite, den <strong>Belgien KENO Analyser<\/strong>, der dem <strong>KENO Analyser<\/strong> gefolgt ist, der sich in meine Reihe der Analyser eingeordnet hat:<\/p>\n\n\n\n<p>Analyser f\u00fcr <strong>Lotto, Eurojackpot, Euromillion, Austria Lotto, Toto, Auswahlwette und Roulette<\/strong>. Wer mehr \u00fcber diese Programme erfahren m\u00f6chte, der sei auf <a href=\"https:\/\/Lotterfee.com\" target=\"_blank\" rel=\"noreferrer noopener\">Lotterfee.com<\/a> verwiesen.<\/p>\n\n\n\n<p>Indirekt kann auch <strong>Zufall 2.0<\/strong> zur Software f\u00fcr KENO gez\u00e4hlt werden, lassen sich doch mit dieser freeware sehr einfach Tippreihen per Zufall erzeugen, der bei Bedarf ordentlich manipuliert werden kann.   <\/p>\n\n\n\n<figure class=\"wp-block-gallery has-nested-images columns-default is-cropped wp-block-gallery-1 is-layout-flex wp-block-gallery-is-layout-flex\">\n<figure class=\"wp-block-image size-large\"><a href=\"https:\/\/okeno.de\/index.php\/software\/okeno\/\"><img loading=\"lazy\" decoding=\"async\" width=\"421\" height=\"299\" data-id=\"70\" src=\"https:\/\/okeno.de\/wp-content\/uploads\/2023\/05\/OKENO.jpg\" alt=\"\" class=\"wp-image-70\" srcset=\"https:\/\/okeno.de\/wp-content\/uploads\/2023\/05\/OKENO.jpg 421w, https:\/\/okeno.de\/wp-content\/uploads\/2023\/05\/OKENO-300x213.jpg 300w, https:\/\/okeno.de\/wp-content\/uploads\/2023\/05\/OKENO-200x142.jpg 200w\" sizes=\"auto, (max-width: 421px) 100vw, 421px\" \/><\/a><\/figure>\n\n\n\n<figure class=\"wp-block-image size-large\"><a href=\"https:\/\/okeno.de\/index.php\/software\/keno-analyser\/\"><img loading=\"lazy\" decoding=\"async\" width=\"400\" height=\"300\" data-id=\"71\" src=\"https:\/\/okeno.de\/wp-content\/uploads\/2023\/05\/KENOStart.bmp\" alt=\"\" class=\"wp-image-71\" srcset=\"https:\/\/okeno.de\/wp-content\/uploads\/2023\/05\/KENOStart.bmp 400w, https:\/\/okeno.de\/wp-content\/uploads\/2023\/05\/KENOStart-300x225.jpg 300w, https:\/\/okeno.de\/wp-content\/uploads\/2023\/05\/KENOStart-200x150.jpg 200w\" sizes=\"auto, (max-width: 400px) 100vw, 400px\" \/><\/a><\/figure>\n\n\n\n<figure class=\"wp-block-image size-large\"><a href=\"https:\/\/okeno.de\/index.php\/software\/zufall2-0\/\"><img loading=\"lazy\" decoding=\"async\" width=\"400\" height=\"300\" data-id=\"69\" src=\"https:\/\/okeno.de\/wp-content\/uploads\/2023\/05\/Zufall2.0-1.jpg\" alt=\"\" class=\"wp-image-69\" srcset=\"https:\/\/okeno.de\/wp-content\/uploads\/2023\/05\/Zufall2.0-1.jpg 400w, https:\/\/okeno.de\/wp-content\/uploads\/2023\/05\/Zufall2.0-1-300x225.jpg 300w, https:\/\/okeno.de\/wp-content\/uploads\/2023\/05\/Zufall2.0-1-200x150.jpg 200w\" sizes=\"auto, (max-width: 400px) 100vw, 400px\" \/><\/a><\/figure>\n<\/figure>\n","protected":false},"excerpt":{"rendered":"<p>Speziell f\u00fcr KENO habe ich drei Programme geschrieben. Zuerst OKENO, Namensgeber dieser Seite, den Belgien KENO Analyser, der dem KENO Analyser gefolgt ist, der sich in meine Reihe der Analyser eingeordnet hat: Analyser f\u00fcr Lotto, Eurojackpot, Euromillion, Austria Lotto, Toto, Auswahlwette und Roulette. Wer mehr \u00fcber diese Programme erfahren m\u00f6chte, der sei auf Lotterfee.com verwiesen. [&hellip;]<\/p>\n","protected":false},"author":1,"featured_media":0,"parent":0,"menu_order":0,"comment_status":"closed","ping_status":"closed","template":"","meta":{"footnotes":""},"class_list":["post-2","page","type-page","status-publish","hentry"],"_links":{"self":[{"href":"https:\/\/okeno.de\/index.php\/wp-json\/wp\/v2\/pages\/2","targetHints":{"allow":["GET"]}}],"collection":[{"href":"https:\/\/okeno.de\/index.php\/wp-json\/wp\/v2\/pages"}],"about":[{"href":"https:\/\/okeno.de\/index.php\/wp-json\/wp\/v2\/types\/page"}],"author":[{"embeddable":true,"href":"https:\/\/okeno.de\/index.php\/wp-json\/wp\/v2\/users\/1"}],"replies":[{"embeddable":true,"href":"https:\/\/okeno.de\/index.php\/wp-json\/wp\/v2\/comments?post=2"}],"version-history":[{"count":4,"href":"https:\/\/okeno.de\/index.php\/wp-json\/wp\/v2\/pages\/2\/revisions"}],"predecessor-version":[{"id":78,"href":"https:\/\/okeno.de\/index.php\/wp-json\/wp\/v2\/pages\/2\/revisions\/78"}],"wp:attachment":[{"href":"https:\/\/okeno.de\/index.php\/wp-json\/wp\/v2\/media?parent=2"}],"curies":[{"name":"wp","href":"https:\/\/api.w.org\/{rel}","templated":true}]}}